{"id":3283,"date":"2025-08-22T15:16:20","date_gmt":"2025-08-22T13:16:20","guid":{"rendered":"https:\/\/www.mia-solutions.ch\/?page_id=3283"},"modified":"2025-08-28T09:56:39","modified_gmt":"2025-08-28T07:56:39","slug":"downloads","status":"publish","type":"page","link":"https:\/\/www.mia-solutions.ch\/fr\/downloads\/","title":{"rendered":"Downloads"},"content":{"rendered":"\t\t<div data-elementor-type=\"wp-page\" data-elementor-id=\"3283\" class=\"elementor elementor-3283 elementor-3083\" data-elementor-post-type=\"page\">\n\t\t\t\t\t\t<section data-particle_enable=\"false\" data-particle-mobile-disabled=\"false\" class=\"elementor-section elementor-top-section elementor-element elementor-element-6dc4e14 elementor-section-boxed elementor-section-height-default elementor-section-height-default\" data-id=\"6dc4e14\" data-element_type=\"section\" data-settings=\"{&quot;background_background&quot;:&quot;classic&quot;}\">\n\t\t\t\t\t\t<div class=\"elementor-container elementor-column-gap-default\">\n\t\t\t\t\t<div class=\" elementor-column elementor-col-100 elementor-top-column elementor-element elementor-element-c007576\" data-fullscreen-column-settings=\"{&quot;fullscreen&quot;:&quot;&quot;}\" data-id=\"c007576\" data-element_type=\"column\">\n\t\t\t<div class=\"elementor-widget-wrap elementor-element-populated\">\n\t\t\t\t\t\t<div class=\"elementor-element elementor-element-fd83545 elementor-widget elementor-widget-heading\" data-id=\"fd83545\" data-element_type=\"widget\" data-widget_type=\"heading.default\">\n\t\t\t\t<div class=\"elementor-widget-container\">\n\t\t\t\t\t<h1 class=\"elementor-heading-title elementor-size-default\">Downloads<\/h1>\t\t\t\t<\/div>\n\t\t\t\t<\/div>\n\t\t\t\t\t<\/div>\n\t\t<\/div>\n\t\t\t\t\t<\/div>\n\t\t<\/section>\n\t\t\t\t<section data-particle_enable=\"false\" data-particle-mobile-disabled=\"false\" class=\"elementor-section elementor-top-section elementor-element elementor-element-1418a72 elementor-section-boxed elementor-section-height-default elementor-section-height-default\" data-id=\"1418a72\" data-element_type=\"section\" data-settings=\"{&quot;background_background&quot;:&quot;classic&quot;}\">\n\t\t\t\t\t\t<div class=\"elementor-container elementor-column-gap-default\">\n\t\t\t\t\t<div class=\" elementor-column elementor-col-33 elementor-top-column elementor-element elementor-element-7f74e71\" data-fullscreen-column-settings=\"{&quot;fullscreen&quot;:&quot;&quot;}\" data-id=\"7f74e71\" data-element_type=\"column\">\n\t\t\t<div class=\"elementor-widget-wrap elementor-element-populated\">\n\t\t\t\t\t\t<div class=\"elementor-element elementor-element-a38bf55 elementor-widget elementor-widget-litho-feature-box\" data-id=\"a38bf55\" data-element_type=\"widget\" data-settings=\"{&quot;litho_feature_box_styles&quot;:&quot;icon-text-style-3&quot;}\" data-widget_type=\"litho-feature-box.default\">\n\t\t\t\t<div class=\"elementor-widget-container\">\n\t\t\t\t\t\t\t\t\t\t<div class=\"feature-box icon-text-style-3\"><div class=\"elementor-icon\"><img decoding=\"async\" src=\"https:\/\/www.mia-solutions.ch\/wp-content\/uploads\/2025\/05\/Minimalist-Planner-Pages-Mockup-Instagram-Post-4.png\" alt=\"Mia_Energy_Nutzungsanleitung_DE\"  srcset=\"https:\/\/www.mia-solutions.ch\/wp-content\/uploads\/2025\/05\/Minimalist-Planner-Pages-Mockup-Instagram-Post-4.png 1080w, https:\/\/www.mia-solutions.ch\/wp-content\/uploads\/2025\/05\/Minimalist-Planner-Pages-Mockup-Instagram-Post-4-300x300.png 300w, https:\/\/www.mia-solutions.ch\/wp-content\/uploads\/2025\/05\/Minimalist-Planner-Pages-Mockup-Instagram-Post-4-1024x1024.png 1024w, https:\/\/www.mia-solutions.ch\/wp-content\/uploads\/2025\/05\/Minimalist-Planner-Pages-Mockup-Instagram-Post-4-150x150.png 150w, https:\/\/www.mia-solutions.ch\/wp-content\/uploads\/2025\/05\/Minimalist-Planner-Pages-Mockup-Instagram-Post-4-768x768.png 768w, https:\/\/www.mia-solutions.ch\/wp-content\/uploads\/2025\/05\/Minimalist-Planner-Pages-Mockup-Instagram-Post-4-200x200.png 200w\" sizes=\"(max-width: 1080px) 100vw, 1080px\" \/><\/div><div class=\"feature-box-content\"><span class=\"title\">Mode d\u2019emploi Mia Energy<\/span><\/div><div class=\"separator-line\"><\/div>\t\t\t\t\t<\/div>\n\t\t\t\t\t\t\t\t\t<\/div>\n\t\t\t\t<\/div>\n\t\t\t\t<div class=\"elementor-element elementor-element-b107976 elementor-button-danger elementor-align-center elementor-widget elementor-widget-litho-button\" data-id=\"b107976\" data-element_type=\"widget\" data-widget_type=\"litho-button.default\">\n\t\t\t\t<div class=\"elementor-widget-container\">\n\t\t\t\t\t\t\t\t\t<div class=\"elementor-button-wrapper litho-button-wrapper\">\n\t\t\t\t\t<a class=\"elementor-button-link elementor-button elementor-size-lg \" href=\"https:\/\/www.mia-solutions.ch\/wp-content\/uploads\/2025\/08\/Anleitung_Mia-Energy-APP_FR.pdf\" target=\"_blank\" download=\"Installation von Mia als Web-Browser-App DE\" role=\"button\">\n\t\t\t\t\t\t\t\t\t<span class=\"elementor-button-content-wrapper\">\n\t\t\t\t\t\t\t\t\t\t\t\t\t<span class=\"elementor-button-text\">PDF<\/span>\n\t\t\t\t\t\t\t<\/span>\n\t\t\t\t\t\t\t\t<\/a>\n\t\t\t\t<\/div>\n\t\t\t\t\t\t\t<\/div>\n\t\t\t\t<\/div>\n\t\t\t\t<div class=\"elementor-element elementor-element-894b5ba elementor-widget elementor-widget-litho-feature-box\" data-id=\"894b5ba\" data-element_type=\"widget\" data-settings=\"{&quot;litho_feature_box_styles&quot;:&quot;icon-text-style-3&quot;}\" data-widget_type=\"litho-feature-box.default\">\n\t\t\t\t<div class=\"elementor-widget-container\">\n\t\t\t\t\t\t\t\t\t\t<div class=\"feature-box icon-text-style-3\"><div class=\"elementor-icon\"><img decoding=\"async\" src=\"https:\/\/www.mia-solutions.ch\/wp-content\/uploads\/2025\/08\/Mockup-Mia-Downloads-2.png\" alt=\"Mockup Mia Downloads (2)\"  srcset=\"https:\/\/www.mia-solutions.ch\/wp-content\/uploads\/2025\/08\/Mockup-Mia-Downloads-2.png 1080w, https:\/\/www.mia-solutions.ch\/wp-content\/uploads\/2025\/08\/Mockup-Mia-Downloads-2-300x300.png 300w, https:\/\/www.mia-solutions.ch\/wp-content\/uploads\/2025\/08\/Mockup-Mia-Downloads-2-1024x1024.png 1024w, https:\/\/www.mia-solutions.ch\/wp-content\/uploads\/2025\/08\/Mockup-Mia-Downloads-2-150x150.png 150w, https:\/\/www.mia-solutions.ch\/wp-content\/uploads\/2025\/08\/Mockup-Mia-Downloads-2-768x768.png 768w, https:\/\/www.mia-solutions.ch\/wp-content\/uploads\/2025\/08\/Mockup-Mia-Downloads-2-200x200.png 200w\" sizes=\"(max-width: 1080px) 100vw, 1080px\" \/><\/div><div class=\"feature-box-content\"><span class=\"title\">Guide d\u2019installation de l\u2019application Mia<\/span><\/div><div class=\"separator-line\"><\/div>\t\t\t\t\t<\/div>\n\t\t\t\t\t\t\t\t\t<\/div>\n\t\t\t\t<\/div>\n\t\t\t\t<div class=\"elementor-element elementor-element-ef0c4fc elementor-button-danger elementor-align-center elementor-widget elementor-widget-litho-button\" data-id=\"ef0c4fc\" data-element_type=\"widget\" data-widget_type=\"litho-button.default\">\n\t\t\t\t<div class=\"elementor-widget-container\">\n\t\t\t\t\t\t\t\t\t<div class=\"elementor-button-wrapper litho-button-wrapper\">\n\t\t\t\t\t<a class=\"elementor-button-link elementor-button elementor-size-lg \" href=\"https:\/\/www.mia-solutions.ch\/wp-content\/uploads\/2025\/08\/Anleitung_Mia_App_via_Webbrowser_FR.pdf\" target=\"_blank\" download=\"Installation von Mia als Web-Browser-App DE\" role=\"button\">\n\t\t\t\t\t\t\t\t\t<span class=\"elementor-button-content-wrapper\">\n\t\t\t\t\t\t\t\t\t\t\t\t\t<span class=\"elementor-button-text\">PDF<\/span>\n\t\t\t\t\t\t\t<\/span>\n\t\t\t\t\t\t\t\t<\/a>\n\t\t\t\t<\/div>\n\t\t\t\t\t\t\t<\/div>\n\t\t\t\t<\/div>\n\t\t\t\t\t<\/div>\n\t\t<\/div>\n\t\t\t\t<div class=\" elementor-column elementor-col-33 elementor-top-column elementor-element elementor-element-478f543\" data-fullscreen-column-settings=\"{&quot;fullscreen&quot;:&quot;&quot;}\" data-id=\"478f543\" data-element_type=\"column\">\n\t\t\t<div class=\"elementor-widget-wrap elementor-element-populated\">\n\t\t\t\t\t\t<div class=\"elementor-element elementor-element-1b4e13b elementor-widget elementor-widget-litho-feature-box\" data-id=\"1b4e13b\" data-element_type=\"widget\" data-settings=\"{&quot;litho_feature_box_styles&quot;:&quot;icon-text-style-3&quot;}\" data-widget_type=\"litho-feature-box.default\">\n\t\t\t\t<div class=\"elementor-widget-container\">\n\t\t\t\t\t\t\t\t\t\t<div class=\"feature-box icon-text-style-3\"><div class=\"elementor-icon\"><img decoding=\"async\" src=\"https:\/\/www.mia-solutions.ch\/wp-content\/uploads\/2025\/08\/Mockup-Mia-Downloads-3.png\" alt=\"Mockup Mia Installationsanleitung\"  srcset=\"https:\/\/www.mia-solutions.ch\/wp-content\/uploads\/2025\/08\/Mockup-Mia-Downloads-3.png 1080w, https:\/\/www.mia-solutions.ch\/wp-content\/uploads\/2025\/08\/Mockup-Mia-Downloads-3-300x300.png 300w, https:\/\/www.mia-solutions.ch\/wp-content\/uploads\/2025\/08\/Mockup-Mia-Downloads-3-1024x1024.png 1024w, https:\/\/www.mia-solutions.ch\/wp-content\/uploads\/2025\/08\/Mockup-Mia-Downloads-3-150x150.png 150w, https:\/\/www.mia-solutions.ch\/wp-content\/uploads\/2025\/08\/Mockup-Mia-Downloads-3-768x768.png 768w, https:\/\/www.mia-solutions.ch\/wp-content\/uploads\/2025\/08\/Mockup-Mia-Downloads-3-200x200.png 200w\" sizes=\"(max-width: 1080px) 100vw, 1080px\" \/><\/div><div class=\"feature-box-content\"><span class=\"title\">Instructions d\u2019installation Mia Energy<\/span><\/div><div class=\"separator-line\"><\/div>\t\t\t\t\t<\/div>\n\t\t\t\t\t\t\t\t\t<\/div>\n\t\t\t\t<\/div>\n\t\t\t\t<div class=\"elementor-element elementor-element-ec649d1 elementor-button-danger elementor-align-center elementor-widget elementor-widget-litho-button\" data-id=\"ec649d1\" data-element_type=\"widget\" data-widget_type=\"litho-button.default\">\n\t\t\t\t<div class=\"elementor-widget-container\">\n\t\t\t\t\t\t\t\t\t<div class=\"elementor-button-wrapper litho-button-wrapper\">\n\t\t\t\t\t<a class=\"elementor-button-link elementor-button elementor-size-lg \" href=\"https:\/\/www.mia-solutions.ch\/wp-content\/uploads\/2025\/08\/Instructions-dinstallation-Mia-Energy-V1.5.pdf\" target=\"_blank\" role=\"button\">\n\t\t\t\t\t\t\t\t\t<span class=\"elementor-button-content-wrapper\">\n\t\t\t\t\t\t\t\t\t\t\t\t\t<span class=\"elementor-button-text\">PDF<\/span>\n\t\t\t\t\t\t\t<\/span>\n\t\t\t\t\t\t\t\t<\/a>\n\t\t\t\t<\/div>\n\t\t\t\t\t\t\t<\/div>\n\t\t\t\t<\/div>\n\t\t\t\t\t<\/div>\n\t\t<\/div>\n\t\t\t\t<div class=\" elementor-column elementor-col-33 elementor-top-column elementor-element elementor-element-cdc257b\" data-fullscreen-column-settings=\"{&quot;fullscreen&quot;:&quot;&quot;}\" data-id=\"cdc257b\" data-element_type=\"column\">\n\t\t\t<div class=\"elementor-widget-wrap elementor-element-populated\">\n\t\t\t\t\t\t<div class=\"elementor-element elementor-element-3b47a68 elementor-widget elementor-widget-litho-feature-box\" data-id=\"3b47a68\" data-element_type=\"widget\" data-settings=\"{&quot;litho_feature_box_styles&quot;:&quot;icon-text-style-3&quot;}\" data-widget_type=\"litho-feature-box.default\">\n\t\t\t\t<div class=\"elementor-widget-container\">\n\t\t\t\t\t\t\t\t\t\t<div class=\"feature-box icon-text-style-3\"><div class=\"elementor-icon\"><img decoding=\"async\" src=\"https:\/\/www.mia-solutions.ch\/wp-content\/uploads\/2025\/05\/Mockup-Mia-Downloads-1.png\" alt=\"Bedienungsanleitung_Mia_Energy_DE\"  srcset=\"https:\/\/www.mia-solutions.ch\/wp-content\/uploads\/2025\/05\/Mockup-Mia-Downloads-1.png 1080w, https:\/\/www.mia-solutions.ch\/wp-content\/uploads\/2025\/05\/Mockup-Mia-Downloads-1-300x300.png 300w, https:\/\/www.mia-solutions.ch\/wp-content\/uploads\/2025\/05\/Mockup-Mia-Downloads-1-1024x1024.png 1024w, https:\/\/www.mia-solutions.ch\/wp-content\/uploads\/2025\/05\/Mockup-Mia-Downloads-1-150x150.png 150w, https:\/\/www.mia-solutions.ch\/wp-content\/uploads\/2025\/05\/Mockup-Mia-Downloads-1-768x768.png 768w, https:\/\/www.mia-solutions.ch\/wp-content\/uploads\/2025\/05\/Mockup-Mia-Downloads-1-200x200.png 200w\" sizes=\"(max-width: 1080px) 100vw, 1080px\" \/><\/div><div class=\"feature-box-content\"><span class=\"title\">Mode d\u2019emploi Mia Energy<\/span><\/div><div class=\"separator-line\"><\/div>\t\t\t\t\t<\/div>\n\t\t\t\t\t\t\t\t\t<\/div>\n\t\t\t\t<\/div>\n\t\t\t\t<div class=\"elementor-element elementor-element-b99719e elementor-button-danger elementor-align-center elementor-widget elementor-widget-litho-button\" data-id=\"b99719e\" data-element_type=\"widget\" data-widget_type=\"litho-button.default\">\n\t\t\t\t<div class=\"elementor-widget-container\">\n\t\t\t\t\t\t\t\t\t<div class=\"elementor-button-wrapper litho-button-wrapper\">\n\t\t\t\t\t<a class=\"elementor-button-link elementor-button elementor-size-lg \" href=\"https:\/\/www.mia-solutions.ch\/wp-content\/uploads\/2025\/08\/Bedienungsanleitung_Mia_Energy_f.pdf\" target=\"_blank\" role=\"button\">\n\t\t\t\t\t\t\t\t\t<span class=\"elementor-button-content-wrapper\">\n\t\t\t\t\t\t\t\t\t\t\t\t\t<span class=\"elementor-button-text\">PDF<\/span>\n\t\t\t\t\t\t\t<\/span>\n\t\t\t\t\t\t\t\t<\/a>\n\t\t\t\t<\/div>\n\t\t\t\t\t\t\t<\/div>\n\t\t\t\t<\/div>\n\t\t\t\t\t<\/div>\n\t\t<\/div>\n\t\t\t\t\t<\/div>\n\t\t<\/section>\n\t\t\t\t<\/div>\n\t\t","protected":false},"excerpt":{"rendered":"<p>Downloads Mode d\u2019emploi Mia Energy PDF Guide d\u2019installation de l\u2019application Mia PDF Instructions d\u2019installation Mia Energy PDF Mode d\u2019emploi Mia Energy PDF<\/p>\n","protected":false},"author":6,"featured_media":0,"parent":0,"menu_order":0,"comment_status":"closed","ping_status":"closed","template":"elementor_header_footer","meta":{"footnotes":""},"class_list":["post-3283","page","type-page","status-publish","hentry"],"yoast_head":"<!-- This site is optimized with the Yoast SEO plugin v25.7 - https:\/\/yoast.com\/wordpress\/plugins\/seo\/ -->\n<title>Downloads - Mia-Solutions<\/title>\n<meta name=\"description\" content=\"T\u00e9l\u00e9chargez divers guides pour Mia Solutions au format PDF \u2013 disponibles \u00e0 tout moment dans la section T\u00e9l\u00e9chargements.\" \/>\n<meta name=\"robots\" content=\"index, follow, max-snippet:-1, max-image-preview:large, max-video-preview:-1\" \/>\n<link rel=\"canonical\" href=\"https:\/\/www.mia-solutions.ch\/fr\/downloads\/\" \/>\n<meta property=\"og:locale\" content=\"fr_FR\" \/>\n<meta property=\"og:type\" content=\"article\" \/>\n<meta property=\"og:title\" content=\"Downloads - Mia-Solutions\" \/>\n<meta property=\"og:description\" content=\"T\u00e9l\u00e9chargez divers guides pour Mia Solutions au format PDF \u2013 disponibles \u00e0 tout moment dans la section T\u00e9l\u00e9chargements.\" \/>\n<meta property=\"og:url\" content=\"https:\/\/www.mia-solutions.ch\/fr\/downloads\/\" \/>\n<meta property=\"og:site_name\" content=\"Mia-Solutions\" \/>\n<meta property=\"article:modified_time\" content=\"2025-08-28T07:56:39+00:00\" \/>\n<meta property=\"og:image\" content=\"https:\/\/www.mia-solutions.ch\/wp-content\/uploads\/2025\/05\/Minimalist-Planner-Pages-Mockup-Instagram-Post-4.png\" \/>\n<meta name=\"twitter:card\" content=\"summary_large_image\" \/>\n<meta name=\"twitter:label1\" content=\"Dur\u00e9e de lecture estim\u00e9e\" \/>\n\t<meta name=\"twitter:data1\" content=\"1 minute\" \/>\n<script type=\"application\/ld+json\" class=\"yoast-schema-graph\">{\"@context\":\"https:\/\/schema.org\",\"@graph\":[{\"@type\":\"WebPage\",\"@id\":\"https:\/\/www.mia-solutions.ch\/fr\/downloads\/\",\"url\":\"https:\/\/www.mia-solutions.ch\/fr\/downloads\/\",\"name\":\"Downloads - Mia-Solutions\",\"isPartOf\":{\"@id\":\"https:\/\/www.mia-solutions.ch\/fr\/#website\"},\"primaryImageOfPage\":{\"@id\":\"https:\/\/www.mia-solutions.ch\/fr\/downloads\/#primaryimage\"},\"image\":{\"@id\":\"https:\/\/www.mia-solutions.ch\/fr\/downloads\/#primaryimage\"},\"thumbnailUrl\":\"https:\/\/www.mia-solutions.ch\/wp-content\/uploads\/2025\/05\/Minimalist-Planner-Pages-Mockup-Instagram-Post-4.png\",\"datePublished\":\"2025-08-22T13:16:20+00:00\",\"dateModified\":\"2025-08-28T07:56:39+00:00\",\"description\":\"T\u00e9l\u00e9chargez divers guides pour Mia Solutions au format PDF \u2013 disponibles \u00e0 tout moment dans la section T\u00e9l\u00e9chargements.\",\"breadcrumb\":{\"@id\":\"https:\/\/www.mia-solutions.ch\/fr\/downloads\/#breadcrumb\"},\"inLanguage\":\"fr-FR\",\"potentialAction\":[{\"@type\":\"ReadAction\",\"target\":[\"https:\/\/www.mia-solutions.ch\/fr\/downloads\/\"]}]},{\"@type\":\"ImageObject\",\"inLanguage\":\"fr-FR\",\"@id\":\"https:\/\/www.mia-solutions.ch\/fr\/downloads\/#primaryimage\",\"url\":\"https:\/\/www.mia-solutions.ch\/wp-content\/uploads\/2025\/05\/Minimalist-Planner-Pages-Mockup-Instagram-Post-4.png\",\"contentUrl\":\"https:\/\/www.mia-solutions.ch\/wp-content\/uploads\/2025\/05\/Minimalist-Planner-Pages-Mockup-Instagram-Post-4.png\"},{\"@type\":\"BreadcrumbList\",\"@id\":\"https:\/\/www.mia-solutions.ch\/fr\/downloads\/#breadcrumb\",\"itemListElement\":[{\"@type\":\"ListItem\",\"position\":1,\"name\":\"Startseite\",\"item\":\"https:\/\/www.mia-solutions.ch\/fr\/\"},{\"@type\":\"ListItem\",\"position\":2,\"name\":\"Downloads\"}]},{\"@type\":\"WebSite\",\"@id\":\"https:\/\/www.mia-solutions.ch\/fr\/#website\",\"url\":\"https:\/\/www.mia-solutions.ch\/fr\/\",\"name\":\"Mia-Solutions\",\"description\":\"\",\"publisher\":{\"@id\":\"https:\/\/www.mia-solutions.ch\/fr\/#organization\"},\"potentialAction\":[{\"@type\":\"SearchAction\",\"target\":{\"@type\":\"EntryPoint\",\"urlTemplate\":\"https:\/\/www.mia-solutions.ch\/fr\/?s={search_term_string}\"},\"query-input\":{\"@type\":\"PropertyValueSpecification\",\"valueRequired\":true,\"valueName\":\"search_term_string\"}}],\"inLanguage\":\"fr-FR\"},{\"@type\":\"Organization\",\"@id\":\"https:\/\/www.mia-solutions.ch\/fr\/#organization\",\"name\":\"FORS AG\",\"url\":\"https:\/\/www.mia-solutions.ch\/fr\/\",\"logo\":{\"@type\":\"ImageObject\",\"inLanguage\":\"fr-FR\",\"@id\":\"https:\/\/www.mia-solutions.ch\/fr\/#\/schema\/logo\/image\/\",\"url\":\"https:\/\/www.mia-solutions.ch\/wp-content\/uploads\/2023\/06\/mia_logo.png\",\"contentUrl\":\"https:\/\/www.mia-solutions.ch\/wp-content\/uploads\/2023\/06\/mia_logo.png\",\"width\":1000,\"height\":680,\"caption\":\"FORS AG\"},\"image\":{\"@id\":\"https:\/\/www.mia-solutions.ch\/fr\/#\/schema\/logo\/image\/\"}}]}<\/script>\n<!-- \/ Yoast SEO plugin. -->","yoast_head_json":{"title":"Downloads - Mia-Solutions","description":"T\u00e9l\u00e9chargez divers guides pour Mia Solutions au format PDF \u2013 disponibles \u00e0 tout moment dans la section T\u00e9l\u00e9chargements.","robots":{"index":"index","follow":"follow","max-snippet":"max-snippet:-1","max-image-preview":"max-image-preview:large","max-video-preview":"max-video-preview:-1"},"canonical":"https:\/\/www.mia-solutions.ch\/fr\/downloads\/","og_locale":"fr_FR","og_type":"article","og_title":"Downloads - Mia-Solutions","og_description":"T\u00e9l\u00e9chargez divers guides pour Mia Solutions au format PDF \u2013 disponibles \u00e0 tout moment dans la section T\u00e9l\u00e9chargements.","og_url":"https:\/\/www.mia-solutions.ch\/fr\/downloads\/","og_site_name":"Mia-Solutions","article_modified_time":"2025-08-28T07:56:39+00:00","og_image":[{"url":"https:\/\/www.mia-solutions.ch\/wp-content\/uploads\/2025\/05\/Minimalist-Planner-Pages-Mockup-Instagram-Post-4.png","type":"","width":"","height":""}],"twitter_card":"summary_large_image","twitter_misc":{"Dur\u00e9e de lecture estim\u00e9e":"1 minute"},"schema":{"@context":"https:\/\/schema.org","@graph":[{"@type":"WebPage","@id":"https:\/\/www.mia-solutions.ch\/fr\/downloads\/","url":"https:\/\/www.mia-solutions.ch\/fr\/downloads\/","name":"Downloads - Mia-Solutions","isPartOf":{"@id":"https:\/\/www.mia-solutions.ch\/fr\/#website"},"primaryImageOfPage":{"@id":"https:\/\/www.mia-solutions.ch\/fr\/downloads\/#primaryimage"},"image":{"@id":"https:\/\/www.mia-solutions.ch\/fr\/downloads\/#primaryimage"},"thumbnailUrl":"https:\/\/www.mia-solutions.ch\/wp-content\/uploads\/2025\/05\/Minimalist-Planner-Pages-Mockup-Instagram-Post-4.png","datePublished":"2025-08-22T13:16:20+00:00","dateModified":"2025-08-28T07:56:39+00:00","description":"T\u00e9l\u00e9chargez divers guides pour Mia Solutions au format PDF \u2013 disponibles \u00e0 tout moment dans la section T\u00e9l\u00e9chargements.","breadcrumb":{"@id":"https:\/\/www.mia-solutions.ch\/fr\/downloads\/#breadcrumb"},"inLanguage":"fr-FR","potentialAction":[{"@type":"ReadAction","target":["https:\/\/www.mia-solutions.ch\/fr\/downloads\/"]}]},{"@type":"ImageObject","inLanguage":"fr-FR","@id":"https:\/\/www.mia-solutions.ch\/fr\/downloads\/#primaryimage","url":"https:\/\/www.mia-solutions.ch\/wp-content\/uploads\/2025\/05\/Minimalist-Planner-Pages-Mockup-Instagram-Post-4.png","contentUrl":"https:\/\/www.mia-solutions.ch\/wp-content\/uploads\/2025\/05\/Minimalist-Planner-Pages-Mockup-Instagram-Post-4.png"},{"@type":"BreadcrumbList","@id":"https:\/\/www.mia-solutions.ch\/fr\/downloads\/#breadcrumb","itemListElement":[{"@type":"ListItem","position":1,"name":"Startseite","item":"https:\/\/www.mia-solutions.ch\/fr\/"},{"@type":"ListItem","position":2,"name":"Downloads"}]},{"@type":"WebSite","@id":"https:\/\/www.mia-solutions.ch\/fr\/#website","url":"https:\/\/www.mia-solutions.ch\/fr\/","name":"Mia-Solutions","description":"","publisher":{"@id":"https:\/\/www.mia-solutions.ch\/fr\/#organization"},"potentialAction":[{"@type":"SearchAction","target":{"@type":"EntryPoint","urlTemplate":"https:\/\/www.mia-solutions.ch\/fr\/?s={search_term_string}"},"query-input":{"@type":"PropertyValueSpecification","valueRequired":true,"valueName":"search_term_string"}}],"inLanguage":"fr-FR"},{"@type":"Organization","@id":"https:\/\/www.mia-solutions.ch\/fr\/#organization","name":"FORS AG","url":"https:\/\/www.mia-solutions.ch\/fr\/","logo":{"@type":"ImageObject","inLanguage":"fr-FR","@id":"https:\/\/www.mia-solutions.ch\/fr\/#\/schema\/logo\/image\/","url":"https:\/\/www.mia-solutions.ch\/wp-content\/uploads\/2023\/06\/mia_logo.png","contentUrl":"https:\/\/www.mia-solutions.ch\/wp-content\/uploads\/2023\/06\/mia_logo.png","width":1000,"height":680,"caption":"FORS AG"},"image":{"@id":"https:\/\/www.mia-solutions.ch\/fr\/#\/schema\/logo\/image\/"}}]}},"_links":{"self":[{"href":"https:\/\/www.mia-solutions.ch\/fr\/wp-json\/wp\/v2\/pages\/3283","targetHints":{"allow":["GET"]}}],"collection":[{"href":"https:\/\/www.mia-solutions.ch\/fr\/wp-json\/wp\/v2\/pages"}],"about":[{"href":"https:\/\/www.mia-solutions.ch\/fr\/wp-json\/wp\/v2\/types\/page"}],"author":[{"embeddable":true,"href":"https:\/\/www.mia-solutions.ch\/fr\/wp-json\/wp\/v2\/users\/6"}],"replies":[{"embeddable":true,"href":"https:\/\/www.mia-solutions.ch\/fr\/wp-json\/wp\/v2\/comments?post=3283"}],"version-history":[{"count":20,"href":"https:\/\/www.mia-solutions.ch\/fr\/wp-json\/wp\/v2\/pages\/3283\/revisions"}],"predecessor-version":[{"id":3632,"href":"https:\/\/www.mia-solutions.ch\/fr\/wp-json\/wp\/v2\/pages\/3283\/revisions\/3632"}],"wp:attachment":[{"href":"https:\/\/www.mia-solutions.ch\/fr\/wp-json\/wp\/v2\/media?parent=3283"}],"curies":[{"name":"wp","href":"https:\/\/api.w.org\/{rel}","templated":true}]}}