{"id":1917,"date":"2023-09-08T15:42:07","date_gmt":"2023-09-08T13:42:07","guid":{"rendered":"https:\/\/www.mia-solutions.ch\/?page_id=1917"},"modified":"2025-08-27T09:03:22","modified_gmt":"2025-08-27T07:03:22","slug":"support-contact","status":"publish","type":"page","link":"https:\/\/www.mia-solutions.ch\/fr\/support-contact\/","title":{"rendered":"Support\/Contact"},"content":{"rendered":"\t\t<div data-elementor-type=\"wp-page\" data-elementor-id=\"1917\" class=\"elementor elementor-1917\" data-elementor-post-type=\"page\">\n\t\t\t\t\t\t<section data-particle_enable=\"false\" data-particle-mobile-disabled=\"false\" class=\"elementor-section elementor-top-section elementor-element elementor-element-6dc4e14 elementor-section-boxed elementor-section-height-default elementor-section-height-default\" data-id=\"6dc4e14\" data-element_type=\"section\" data-settings=\"{&quot;background_background&quot;:&quot;classic&quot;}\">\n\t\t\t\t\t\t<div class=\"elementor-container elementor-column-gap-default\">\n\t\t\t\t\t<div class=\" elementor-column elementor-col-100 elementor-top-column elementor-element elementor-element-c007576\" data-fullscreen-column-settings=\"{&quot;fullscreen&quot;:&quot;&quot;}\" data-id=\"c007576\" data-element_type=\"column\">\n\t\t\t<div class=\"elementor-widget-wrap elementor-element-populated\">\n\t\t\t\t\t\t<div class=\"elementor-element elementor-element-fd83545 elementor-widget elementor-widget-heading\" data-id=\"fd83545\" data-element_type=\"widget\" data-widget_type=\"heading.default\">\n\t\t\t\t<div class=\"elementor-widget-container\">\n\t\t\t\t\t<h1 class=\"elementor-heading-title elementor-size-default\">Support et contact<\/h1>\t\t\t\t<\/div>\n\t\t\t\t<\/div>\n\t\t\t\t\t<\/div>\n\t\t<\/div>\n\t\t\t\t\t<\/div>\n\t\t<\/section>\n\t\t\t\t<section data-particle_enable=\"false\" data-particle-mobile-disabled=\"false\" class=\"elementor-section elementor-top-section elementor-element elementor-element-1418a72 elementor-section-boxed elementor-section-height-default elementor-section-height-default\" data-id=\"1418a72\" data-element_type=\"section\">\n\t\t\t\t\t\t<div class=\"elementor-container elementor-column-gap-default\">\n\t\t\t\t\t<div class=\" elementor-column elementor-col-25 elementor-top-column elementor-element elementor-element-7f74e71\" data-fullscreen-column-settings=\"{&quot;fullscreen&quot;:&quot;&quot;}\" data-id=\"7f74e71\" data-element_type=\"column\">\n\t\t\t<div class=\"elementor-widget-wrap elementor-element-populated\">\n\t\t\t\t\t\t<div class=\"elementor-element elementor-element-a38bf55 elementor-view-default elementor-widget elementor-widget-litho-feature-box\" data-id=\"a38bf55\" data-element_type=\"widget\" data-settings=\"{&quot;litho_feature_box_styles&quot;:&quot;icon-text-style-3&quot;}\" data-widget_type=\"litho-feature-box.default\">\n\t\t\t\t<div class=\"elementor-widget-container\">\n\t\t\t\t\t\t\t\t\t\t<div class=\"feature-box icon-text-style-3\"><div class=\"elementor-icon\"><i aria-hidden=\"true\" class=\" line-icon-Geo2-Love\"><\/i><\/div><div class=\"feature-box-content\"><span class=\"title\">Fors SA<\/span><\/div><div class=\"separator-line\"><\/div><div class=\"content\"><p>Schaftenholzweg 8,<br \/>2557 Studen<\/p><\/div>\t\t\t\t\t<\/div>\n\t\t\t\t\t\t\t\t\t<\/div>\n\t\t\t\t<\/div>\n\t\t\t\t\t<\/div>\n\t\t<\/div>\n\t\t\t\t<div class=\" elementor-column elementor-col-25 elementor-top-column elementor-element elementor-element-478f543\" data-fullscreen-column-settings=\"{&quot;fullscreen&quot;:&quot;&quot;}\" data-id=\"478f543\" data-element_type=\"column\">\n\t\t\t<div class=\"elementor-widget-wrap elementor-element-populated\">\n\t\t\t\t\t\t<div class=\"elementor-element elementor-element-f574735 elementor-view-default elementor-widget elementor-widget-litho-feature-box\" data-id=\"f574735\" data-element_type=\"widget\" data-settings=\"{&quot;litho_feature_box_styles&quot;:&quot;icon-text-style-3&quot;}\" data-widget_type=\"litho-feature-box.default\">\n\t\t\t\t<div class=\"elementor-widget-container\">\n\t\t\t\t\t\t\t\t\t\t<div class=\"feature-box icon-text-style-3\"><div class=\"elementor-icon\"><i aria-hidden=\"true\" class=\" line-icon-Headset\"><\/i><\/div><div class=\"feature-box-content\"><span class=\"title\">T\u00e9l\u00e9phone<\/span><\/div><div class=\"separator-line\"><\/div><div class=\"content\"><p><a href=\"tel:+41323742626\">+41 (0)32 374 26 26<\/a><\/p><\/div>\t\t\t\t\t<\/div>\n\t\t\t\t\t\t\t\t\t<\/div>\n\t\t\t\t<\/div>\n\t\t\t\t\t<\/div>\n\t\t<\/div>\n\t\t\t\t<div class=\" elementor-column elementor-col-25 elementor-top-column elementor-element elementor-element-95cb158\" data-fullscreen-column-settings=\"{&quot;fullscreen&quot;:&quot;&quot;}\" data-id=\"95cb158\" data-element_type=\"column\">\n\t\t\t<div class=\"elementor-widget-wrap elementor-element-populated\">\n\t\t\t\t\t\t<div class=\"elementor-element elementor-element-13c6657 elementor-view-default elementor-widget elementor-widget-litho-feature-box\" data-id=\"13c6657\" data-element_type=\"widget\" data-settings=\"{&quot;litho_feature_box_styles&quot;:&quot;icon-text-style-3&quot;}\" data-widget_type=\"litho-feature-box.default\">\n\t\t\t\t<div class=\"elementor-widget-container\">\n\t\t\t\t\t\t\t\t\t\t<div class=\"feature-box icon-text-style-3\"><div class=\"elementor-icon\"><i aria-hidden=\"true\" class=\" line-icon-Mail-Read\"><\/i><\/div><div class=\"feature-box-content\"><span class=\"title\">E-Mail<\/span><\/div><div class=\"separator-line\"><\/div><div class=\"content\"><p><a class=\"text-sky-blue-hover\" href=\"mailto:mia@fors.ch\">mia@fors.ch<\/a><\/p><\/div>\t\t\t\t\t<\/div>\n\t\t\t\t\t\t\t\t\t<\/div>\n\t\t\t\t<\/div>\n\t\t\t\t\t<\/div>\n\t\t<\/div>\n\t\t\t\t<div class=\" elementor-column elementor-col-25 elementor-top-column elementor-element elementor-element-8a73bdb\" data-fullscreen-column-settings=\"{&quot;fullscreen&quot;:&quot;&quot;}\" data-id=\"8a73bdb\" data-element_type=\"column\">\n\t\t\t<div class=\"elementor-widget-wrap elementor-element-populated\">\n\t\t\t\t\t\t<div class=\"elementor-element elementor-element-08bf337 elementor-view-default elementor-widget elementor-widget-litho-feature-box\" data-id=\"08bf337\" data-element_type=\"widget\" data-settings=\"{&quot;litho_feature_box_styles&quot;:&quot;icon-text-style-3&quot;}\" data-widget_type=\"litho-feature-box.default\">\n\t\t\t\t<div class=\"elementor-widget-container\">\n\t\t\t\t\t\t\t\t\t\t<div class=\"feature-box icon-text-style-3\"><div class=\"elementor-icon\"><i aria-hidden=\"true\" class=\" line-icon-Information\"><\/i><\/div><div class=\"feature-box-content\"><span class=\"title\">Support\/Service<\/span><\/div><div class=\"separator-line\"><\/div><div class=\"content\"><p><a href=\"tel:+41323742626\">+41 (0)32 374 26 26<\/a><br \/><a class=\"text-light-blue text-sky-blue-hover\" href=\"mailto:mia@fors.ch\">mia@fors.ch<\/a><\/p><\/div>\t\t\t\t\t<\/div>\n\t\t\t\t\t\t\t\t\t<\/div>\n\t\t\t\t<\/div>\n\t\t\t\t\t<\/div>\n\t\t<\/div>\n\t\t\t\t\t<\/div>\n\t\t<\/section>\n\t\t\t\t<section data-particle_enable=\"false\" data-particle-mobile-disabled=\"false\" class=\"elementor-section elementor-top-section elementor-element elementor-element-deaf609 elementor-section-boxed elementor-section-height-default elementor-section-height-default\" data-id=\"deaf609\" data-element_type=\"section\" data-settings=\"{&quot;background_background&quot;:&quot;classic&quot;}\">\n\t\t\t\t\t\t\t<div class=\"elementor-background-overlay\"><\/div>\n\t\t\t\t\t\t\t<div class=\"elementor-container elementor-column-gap-default\">\n\t\t\t\t\t<div class=\" elementor-column elementor-col-100 elementor-top-column elementor-element elementor-element-faa4d2e\" data-fullscreen-column-settings=\"{&quot;fullscreen&quot;:&quot;&quot;}\" data-id=\"faa4d2e\" data-element_type=\"column\">\n\t\t\t<div class=\"elementor-widget-wrap\">\n\t\t\t\t\t\t\t<\/div>\n\t\t<\/div>\n\t\t\t\t\t<\/div>\n\t\t<\/section>\n\t\t\t\t<section data-particle_enable=\"false\" data-particle-mobile-disabled=\"false\" class=\"elementor-section elementor-top-section elementor-element elementor-element-aaafe0b elementor-section-boxed elementor-section-height-default elementor-section-height-default\" data-id=\"aaafe0b\" data-element_type=\"section\" data-settings=\"{&quot;background_background&quot;:&quot;classic&quot;}\">\n\t\t\t\t\t\t<div class=\"elementor-container elementor-column-gap-default\">\n\t\t\t\t\t<div class=\" elementor-column elementor-col-100 elementor-top-column elementor-element elementor-element-59abaff\" data-fullscreen-column-settings=\"{&quot;fullscreen&quot;:&quot;&quot;}\" data-id=\"59abaff\" data-element_type=\"column\" data-settings=\"{&quot;background_background&quot;:&quot;classic&quot;}\">\n\t\t\t<div class=\"elementor-widget-wrap elementor-element-populated\">\n\t\t\t\t\t\t<div class=\"elementor-element elementor-element-ceddfe7 elementor-widget elementor-widget-heading\" data-id=\"ceddfe7\" data-element_type=\"widget\" data-widget_type=\"heading.default\">\n\t\t\t\t<div class=\"elementor-widget-container\">\n\t\t\t\t\t<h4 class=\"elementor-heading-title elementor-size-default\">Comment pouvons-nous aider?<\/h4>\t\t\t\t<\/div>\n\t\t\t\t<\/div>\n\t\t\t\t<div class=\"elementor-element elementor-element-5ff68b9 elementor-widget elementor-widget-litho-contact-form\" data-id=\"5ff68b9\" data-element_type=\"widget\" data-widget_type=\"litho-contact-form.default\">\n\t\t\t\t<div class=\"elementor-widget-container\">\n\t\t\t\t\t\t\t\t\t<div class=\"contact-form-wrapper\">\n\t\t\t\t\t\n<div class=\"wpcf7 no-js\" id=\"wpcf7-f1194-o1\" lang=\"fr-FR\" dir=\"ltr\" data-wpcf7-id=\"1194\">\n<div class=\"screen-reader-response\"><p role=\"status\" aria-live=\"polite\" aria-atomic=\"true\"><\/p> <ul><\/ul><\/div>\n<form action=\"\/fr\/wp-json\/wp\/v2\/pages\/1917#wpcf7-f1194-o1\" method=\"post\" class=\"wpcf7-form init\" aria-label=\"Formulaire de contact\" novalidate=\"novalidate\" data-status=\"init\">\n<fieldset class=\"hidden-fields-container\"><input type=\"hidden\" name=\"_wpcf7\" value=\"1194\" \/><input type=\"hidden\" name=\"_wpcf7_version\" value=\"6.1.1\" \/><input type=\"hidden\" name=\"_wpcf7_locale\" value=\"fr_FR\" \/><input type=\"hidden\" name=\"_wpcf7_unit_tag\" value=\"wpcf7-f1194-o1\" \/><input type=\"hidden\" name=\"_wpcf7_container_post\" value=\"0\" \/><input type=\"hidden\" name=\"_wpcf7_posted_data_hash\" value=\"\" \/><input type=\"hidden\" name=\"_wpcf7_recaptcha_response\" value=\"\" \/>\n<\/fieldset>\n<div class=\"container\">\n\t<div class=\"row\">\n\t\t<div class=\"col-6\">\n\t\t\t<p><span class=\"wpcf7-form-control-wrap\" data-name=\"vor-nachname\"><input size=\"40\" maxlength=\"400\" class=\"wpcf7-form-control wpcf7-text wpcf7-validates-as-required\" autocomplete=\"name\" aria-required=\"true\" aria-invalid=\"false\" placeholder=\"Pr\u00e9nom\/nom*\" value=\"\" type=\"text\" name=\"vor-nachname\" \/><\/span><span class=\"wpcf7-form-control-wrap\" data-name=\"email-adresse\"><input size=\"40\" maxlength=\"400\" class=\"wpcf7-form-control wpcf7-email wpcf7-validates-as-required wpcf7-text wpcf7-validates-as-email\" autocomplete=\"email\" aria-required=\"true\" aria-invalid=\"false\" placeholder=\"Adresse e-mail*\" value=\"\" type=\"email\" name=\"email-adresse\" \/><\/span><span class=\"wpcf7-form-control-wrap\" data-name=\"telefon-nummer\"><input size=\"40\" maxlength=\"400\" class=\"wpcf7-form-control wpcf7-text wpcf7-validates-as-required\" aria-required=\"true\" aria-invalid=\"false\" placeholder=\"Num\u00e9ro de t\u00e9l\u00e9phone*\" value=\"\" type=\"text\" name=\"telefon-nummer\" \/><\/span>\n\t\t\t<\/p>\n\t\t<\/div>\n\t\t<div class=\"col-6\">\n\t\t\t<p><span class=\"wpcf7-form-control-wrap\" data-name=\"nachricht\"><textarea cols=\"40\" rows=\"10\" maxlength=\"2000\" class=\"wpcf7-form-control wpcf7-textarea\" aria-invalid=\"false\" placeholder=\"Message*\" name=\"nachricht\"><\/textarea><\/span>\n\t\t\t<\/p>\n\t\t<\/div>\n\t<\/div>\n\t<div class=\"row text-end\">\n\t\t<div class=\"col-12\">\n\t\t\t<p><input class=\"wpcf7-form-control wpcf7-submit has-spinner\" type=\"submit\" value=\"Envoyer le message\" \/>\n\t\t\t<\/p>\n\t\t<\/div>\n\t<\/div>\n<\/div><div class=\"wpcf7-response-output\" aria-hidden=\"true\"><\/div>\n<\/form>\n<\/div>\n\t\t\t\t<\/div>\n\t\t\t\t\t\t\t<\/div>\n\t\t\t\t<\/div>\n\t\t\t\t\t<\/div>\n\t\t<\/div>\n\t\t\t\t\t<\/div>\n\t\t<\/section>\n\t\t\t\t<section data-particle_enable=\"false\" data-particle-mobile-disabled=\"false\" class=\"elementor-section elementor-top-section elementor-element elementor-element-3d41c6f elementor-section-boxed elementor-section-height-default elementor-section-height-default\" data-id=\"3d41c6f\" data-element_type=\"section\" data-settings=\"{&quot;background_background&quot;:&quot;classic&quot;}\">\n\t\t\t\t\t\t<div class=\"elementor-container elementor-column-gap-default\">\n\t\t\t\t\t<div class=\" elementor-column elementor-col-100 elementor-top-column elementor-element elementor-element-0009124\" data-fullscreen-column-settings=\"{&quot;fullscreen&quot;:&quot;&quot;}\" data-id=\"0009124\" data-element_type=\"column\">\n\t\t\t<div class=\"elementor-widget-wrap elementor-element-populated\">\n\t\t\t\t\t\t<div class=\"elementor-element elementor-element-2311c63 elementor-widget-divider--view-line_text elementor-widget-divider--element-align-center elementor-widget elementor-widget-divider\" data-id=\"2311c63\" data-element_type=\"widget\" data-widget_type=\"divider.default\">\n\t\t\t\t<div class=\"elementor-widget-container\">\n\t\t\t\t\t\t\t<div class=\"elementor-divider\">\n\t\t\t<span class=\"elementor-divider-separator\">\n\t\t\t\t\t\t\t<span class=\"elementor-divider__text elementor-divider__element\">\n\t\t\t\tNous vous envoyons volontiers une offre sans engagement via le formulaire.\t\t\t\t<\/span>\n\t\t\t\t\t\t<\/span>\n\t\t<\/div>\n\t\t\t\t\t\t<\/div>\n\t\t\t\t<\/div>\n\t\t\t\t<div class=\"elementor-element elementor-element-4afa87a elementor-widget elementor-widget-eael-creative-button\" data-id=\"4afa87a\" data-element_type=\"widget\" data-widget_type=\"eael-creative-button.default\">\n\t\t\t\t<div class=\"elementor-widget-container\">\n\t\t\t\t\t        <div class=\"eael-creative-button-wrapper\">\n\n            <a class=\"eael-creative-button eael-creative-button--default\" href=\"https:\/\/fors.ch\/fr\/demande-d-offre-mia-energy\/\" target=\"_blank\" data-text=\"Go!\">\n\n\t    \n                <div class=\"creative-button-inner\">\n\n                                            <span class=\"eael-creative-button-icon-left\"><i aria-hidden=\"true\" class=\"far fa-arrow-right\"><\/i><\/span>                    \n                    <span class=\"cretive-button-text\">Demander une offre<\/span>\n\n                                    <\/div>\n\t                        <\/a>\n        <\/div>\n        \t\t\t\t<\/div>\n\t\t\t\t<\/div>\n\t\t\t\t\t<\/div>\n\t\t<\/div>\n\t\t\t\t\t<\/div>\n\t\t<\/section>\n\t\t\t\t<\/div>\n\t\t","protected":false},"excerpt":{"rendered":"<p>Support et contact Fors SA Schaftenholzweg 8,2557 Studen T\u00e9l\u00e9phone +41 (0)32 374 26 26 E-Mail mia@fors.ch Support\/Service +41 (0)32 374 26 26mia@fors.ch Comment pouvons-nous aider? Nous vous envoyons volontiers une offre sans engagement via le formulaire. Demander une offre<\/p>\n","protected":false},"author":3,"featured_media":0,"parent":0,"menu_order":0,"comment_status":"closed","ping_status":"closed","template":"elementor_header_footer","meta":{"footnotes":""},"class_list":["post-1917","page","type-page","status-publish","hentry"],"yoast_head":"<!-- This site is optimized with the Yoast SEO plugin v25.7 - https:\/\/yoast.com\/wordpress\/plugins\/seo\/ -->\n<title>Contact et Support - toujours \u00e0 vos c\u00f4t\u00e9 - Mia-Solutions<\/title>\n<meta name=\"description\" content=\"Que ce soit pour les g\u00e9rances ou pour les utilisateurs, notre \u00e9quipe de support Mia se tient \u00e0 votre disposition. Disponible par mail, t\u00e9l\u00e9phone ou via notre formulaire\" \/>\n<meta name=\"robots\" content=\"index, follow, max-snippet:-1, max-image-preview:large, max-video-preview:-1\" \/>\n<link rel=\"canonical\" href=\"https:\/\/www.mia-solutions.ch\/fr\/support-contact\/\" \/>\n<meta property=\"og:locale\" content=\"fr_FR\" \/>\n<meta property=\"og:type\" content=\"article\" \/>\n<meta property=\"og:title\" content=\"Contact et Support - toujours \u00e0 vos c\u00f4t\u00e9 - Mia-Solutions\" \/>\n<meta property=\"og:description\" content=\"Que ce soit pour les g\u00e9rances ou pour les utilisateurs, notre \u00e9quipe de support Mia se tient \u00e0 votre disposition. Disponible par mail, t\u00e9l\u00e9phone ou via notre formulaire\" \/>\n<meta property=\"og:url\" content=\"https:\/\/www.mia-solutions.ch\/fr\/support-contact\/\" \/>\n<meta property=\"og:site_name\" content=\"Mia-Solutions\" \/>\n<meta property=\"article:modified_time\" content=\"2025-08-27T07:03:22+00:00\" \/>\n<meta name=\"twitter:card\" content=\"summary_large_image\" \/>\n<meta name=\"twitter:label1\" content=\"Dur\u00e9e de lecture estim\u00e9e\" \/>\n\t<meta name=\"twitter:data1\" content=\"1 minute\" \/>\n<script type=\"application\/ld+json\" class=\"yoast-schema-graph\">{\"@context\":\"https:\/\/schema.org\",\"@graph\":[{\"@type\":\"WebPage\",\"@id\":\"https:\/\/www.mia-solutions.ch\/fr\/support-contact\/\",\"url\":\"https:\/\/www.mia-solutions.ch\/fr\/support-contact\/\",\"name\":\"Contact et Support - toujours \u00e0 vos c\u00f4t\u00e9 - Mia-Solutions\",\"isPartOf\":{\"@id\":\"https:\/\/www.mia-solutions.ch\/fr\/#website\"},\"datePublished\":\"2023-09-08T13:42:07+00:00\",\"dateModified\":\"2025-08-27T07:03:22+00:00\",\"description\":\"Que ce soit pour les g\u00e9rances ou pour les utilisateurs, notre \u00e9quipe de support Mia se tient \u00e0 votre disposition. Disponible par mail, t\u00e9l\u00e9phone ou via notre formulaire\",\"breadcrumb\":{\"@id\":\"https:\/\/www.mia-solutions.ch\/fr\/support-contact\/#breadcrumb\"},\"inLanguage\":\"fr-FR\",\"potentialAction\":[{\"@type\":\"ReadAction\",\"target\":[\"https:\/\/www.mia-solutions.ch\/fr\/support-contact\/\"]}]},{\"@type\":\"BreadcrumbList\",\"@id\":\"https:\/\/www.mia-solutions.ch\/fr\/support-contact\/#breadcrumb\",\"itemListElement\":[{\"@type\":\"ListItem\",\"position\":1,\"name\":\"Startseite\",\"item\":\"https:\/\/www.mia-solutions.ch\/fr\/\"},{\"@type\":\"ListItem\",\"position\":2,\"name\":\"Support\/Contact\"}]},{\"@type\":\"WebSite\",\"@id\":\"https:\/\/www.mia-solutions.ch\/fr\/#website\",\"url\":\"https:\/\/www.mia-solutions.ch\/fr\/\",\"name\":\"Mia-Solutions\",\"description\":\"\",\"publisher\":{\"@id\":\"https:\/\/www.mia-solutions.ch\/fr\/#organization\"},\"potentialAction\":[{\"@type\":\"SearchAction\",\"target\":{\"@type\":\"EntryPoint\",\"urlTemplate\":\"https:\/\/www.mia-solutions.ch\/fr\/?s={search_term_string}\"},\"query-input\":{\"@type\":\"PropertyValueSpecification\",\"valueRequired\":true,\"valueName\":\"search_term_string\"}}],\"inLanguage\":\"fr-FR\"},{\"@type\":\"Organization\",\"@id\":\"https:\/\/www.mia-solutions.ch\/fr\/#organization\",\"name\":\"FORS AG\",\"url\":\"https:\/\/www.mia-solutions.ch\/fr\/\",\"logo\":{\"@type\":\"ImageObject\",\"inLanguage\":\"fr-FR\",\"@id\":\"https:\/\/www.mia-solutions.ch\/fr\/#\/schema\/logo\/image\/\",\"url\":\"https:\/\/www.mia-solutions.ch\/wp-content\/uploads\/2023\/06\/mia_logo.png\",\"contentUrl\":\"https:\/\/www.mia-solutions.ch\/wp-content\/uploads\/2023\/06\/mia_logo.png\",\"width\":1000,\"height\":680,\"caption\":\"FORS AG\"},\"image\":{\"@id\":\"https:\/\/www.mia-solutions.ch\/fr\/#\/schema\/logo\/image\/\"}}]}<\/script>\n<!-- \/ Yoast SEO plugin. -->","yoast_head_json":{"title":"Contact et Support - toujours \u00e0 vos c\u00f4t\u00e9 - Mia-Solutions","description":"Que ce soit pour les g\u00e9rances ou pour les utilisateurs, notre \u00e9quipe de support Mia se tient \u00e0 votre disposition. Disponible par mail, t\u00e9l\u00e9phone ou via notre formulaire","robots":{"index":"index","follow":"follow","max-snippet":"max-snippet:-1","max-image-preview":"max-image-preview:large","max-video-preview":"max-video-preview:-1"},"canonical":"https:\/\/www.mia-solutions.ch\/fr\/support-contact\/","og_locale":"fr_FR","og_type":"article","og_title":"Contact et Support - toujours \u00e0 vos c\u00f4t\u00e9 - Mia-Solutions","og_description":"Que ce soit pour les g\u00e9rances ou pour les utilisateurs, notre \u00e9quipe de support Mia se tient \u00e0 votre disposition. Disponible par mail, t\u00e9l\u00e9phone ou via notre formulaire","og_url":"https:\/\/www.mia-solutions.ch\/fr\/support-contact\/","og_site_name":"Mia-Solutions","article_modified_time":"2025-08-27T07:03:22+00:00","twitter_card":"summary_large_image","twitter_misc":{"Dur\u00e9e de lecture estim\u00e9e":"1 minute"},"schema":{"@context":"https:\/\/schema.org","@graph":[{"@type":"WebPage","@id":"https:\/\/www.mia-solutions.ch\/fr\/support-contact\/","url":"https:\/\/www.mia-solutions.ch\/fr\/support-contact\/","name":"Contact et Support - toujours \u00e0 vos c\u00f4t\u00e9 - Mia-Solutions","isPartOf":{"@id":"https:\/\/www.mia-solutions.ch\/fr\/#website"},"datePublished":"2023-09-08T13:42:07+00:00","dateModified":"2025-08-27T07:03:22+00:00","description":"Que ce soit pour les g\u00e9rances ou pour les utilisateurs, notre \u00e9quipe de support Mia se tient \u00e0 votre disposition. Disponible par mail, t\u00e9l\u00e9phone ou via notre formulaire","breadcrumb":{"@id":"https:\/\/www.mia-solutions.ch\/fr\/support-contact\/#breadcrumb"},"inLanguage":"fr-FR","potentialAction":[{"@type":"ReadAction","target":["https:\/\/www.mia-solutions.ch\/fr\/support-contact\/"]}]},{"@type":"BreadcrumbList","@id":"https:\/\/www.mia-solutions.ch\/fr\/support-contact\/#breadcrumb","itemListElement":[{"@type":"ListItem","position":1,"name":"Startseite","item":"https:\/\/www.mia-solutions.ch\/fr\/"},{"@type":"ListItem","position":2,"name":"Support\/Contact"}]},{"@type":"WebSite","@id":"https:\/\/www.mia-solutions.ch\/fr\/#website","url":"https:\/\/www.mia-solutions.ch\/fr\/","name":"Mia-Solutions","description":"","publisher":{"@id":"https:\/\/www.mia-solutions.ch\/fr\/#organization"},"potentialAction":[{"@type":"SearchAction","target":{"@type":"EntryPoint","urlTemplate":"https:\/\/www.mia-solutions.ch\/fr\/?s={search_term_string}"},"query-input":{"@type":"PropertyValueSpecification","valueRequired":true,"valueName":"search_term_string"}}],"inLanguage":"fr-FR"},{"@type":"Organization","@id":"https:\/\/www.mia-solutions.ch\/fr\/#organization","name":"FORS AG","url":"https:\/\/www.mia-solutions.ch\/fr\/","logo":{"@type":"ImageObject","inLanguage":"fr-FR","@id":"https:\/\/www.mia-solutions.ch\/fr\/#\/schema\/logo\/image\/","url":"https:\/\/www.mia-solutions.ch\/wp-content\/uploads\/2023\/06\/mia_logo.png","contentUrl":"https:\/\/www.mia-solutions.ch\/wp-content\/uploads\/2023\/06\/mia_logo.png","width":1000,"height":680,"caption":"FORS AG"},"image":{"@id":"https:\/\/www.mia-solutions.ch\/fr\/#\/schema\/logo\/image\/"}}]}},"_links":{"self":[{"href":"https:\/\/www.mia-solutions.ch\/fr\/wp-json\/wp\/v2\/pages\/1917","targetHints":{"allow":["GET"]}}],"collection":[{"href":"https:\/\/www.mia-solutions.ch\/fr\/wp-json\/wp\/v2\/pages"}],"about":[{"href":"https:\/\/www.mia-solutions.ch\/fr\/wp-json\/wp\/v2\/types\/page"}],"author":[{"embeddable":true,"href":"https:\/\/www.mia-solutions.ch\/fr\/wp-json\/wp\/v2\/users\/3"}],"replies":[{"embeddable":true,"href":"https:\/\/www.mia-solutions.ch\/fr\/wp-json\/wp\/v2\/comments?post=1917"}],"version-history":[{"count":43,"href":"https:\/\/www.mia-solutions.ch\/fr\/wp-json\/wp\/v2\/pages\/1917\/revisions"}],"predecessor-version":[{"id":3599,"href":"https:\/\/www.mia-solutions.ch\/fr\/wp-json\/wp\/v2\/pages\/1917\/revisions\/3599"}],"wp:attachment":[{"href":"https:\/\/www.mia-solutions.ch\/fr\/wp-json\/wp\/v2\/media?parent=1917"}],"curies":[{"name":"wp","href":"https:\/\/api.w.org\/{rel}","templated":true}]}}